{"id":226,"date":"2023-07-28T21:25:32","date_gmt":"2023-07-28T21:25:32","guid":{"rendered":"http:\/\/www.onetsigorta.net\/?page_id=226"},"modified":"2023-07-28T21:25:32","modified_gmt":"2023-07-28T21:25:32","slug":"kefalet-sigortasi","status":"publish","type":"page","link":"https:\/\/www.onetsigorta.net\/?page_id=226","title":{"rendered":"Kefalet Sigortas\u0131"},"content":{"rendered":"\n<p>\u00a0Kefalet sigortas\u0131nda sigorta \u015firketi,\u00a0bor\u00e7lunun s\u00f6zle\u015fmeden ve\/veya kanundan do\u011fan y\u00fck\u00fcml\u00fcl\u00fc\u011f\u00fcn\u00fc yerine getirmemesi riskine kar\u015f\u0131 alacakl\u0131ya\/i\u015fverene d\u00fczenledi\u011fi kefalet senedi bedeline kadar kefil olmaktad\u0131r.<\/p>\n","protected":false},"excerpt":{"rendered":"<p>\u00a0Kefalet sigortas\u0131nda sigorta \u015firketi,\u00a0bor\u00e7lunun s\u00f6zle\u015fmeden ve\/veya kanundan do\u011fan y\u00fck\u00fcml\u00fcl\u00fc\u011f\u00fcn\u00fc yerine getirmemesi riskine kar\u015f\u0131 alacakl\u0131ya\/i\u015fverene d\u00fczenledi\u011fi kefalet senedi bedeline kadar kefil olmaktad\u0131r.<\/p>\n","protected":false},"author":1,"featured_media":0,"parent":0,"menu_order":0,"comment_status":"closed","ping_status":"closed","template":"","meta":{"_themeisle_gutenberg_block_has_review":false,"footnotes":""},"class_list":["post-226","page","type-page","status-publish","hentry"],"_links":{"self":[{"href":"https:\/\/www.onetsigorta.net\/index.php?rest_route=\/wp\/v2\/pages\/226","targetHints":{"allow":["GET"]}}],"collection":[{"href":"https:\/\/www.onetsigorta.net\/index.php?rest_route=\/wp\/v2\/pages"}],"about":[{"href":"https:\/\/www.onetsigorta.net\/index.php?rest_route=\/wp\/v2\/types\/page"}],"author":[{"embeddable":true,"href":"https:\/\/www.onetsigorta.net\/index.php?rest_route=\/wp\/v2\/users\/1"}],"replies":[{"embeddable":true,"href":"https:\/\/www.onetsigorta.net\/index.php?rest_route=%2Fwp%2Fv2%2Fcomments&post=226"}],"version-history":[{"count":1,"href":"https:\/\/www.onetsigorta.net\/index.php?rest_route=\/wp\/v2\/pages\/226\/revisions"}],"predecessor-version":[{"id":227,"href":"https:\/\/www.onetsigorta.net\/index.php?rest_route=\/wp\/v2\/pages\/226\/revisions\/227"}],"wp:attachment":[{"href":"https:\/\/www.onetsigorta.net\/index.php?rest_route=%2Fwp%2Fv2%2Fmedia&parent=226"}],"curies":[{"name":"wp","href":"https:\/\/api.w.org\/{rel}","templated":true}]}}