{"id":224,"date":"2023-07-28T21:24:04","date_gmt":"2023-07-28T21:24:04","guid":{"rendered":"http:\/\/www.onetsigorta.net\/?page_id=224"},"modified":"2023-07-28T21:24:05","modified_gmt":"2023-07-28T21:24:05","slug":"nakliyat-sigortasi","status":"publish","type":"page","link":"https:\/\/www.onetsigorta.net\/?page_id=224","title":{"rendered":"Nakliyat Sigortas\u0131"},"content":{"rendered":"\n<p>Nakliyat sigortas\u0131\u00a0hem uluslararas\u0131 hem de yurt i\u00e7ine yap\u0131lan ta\u015f\u0131mac\u0131l\u0131k i\u015flemlerinde hem ta\u015f\u0131nan e\u015fyalar\u0131n hem de ta\u015f\u0131y\u0131c\u0131 firman\u0131n olu\u015fabilecek herhangi bir sorun ya da kazaya kar\u015f\u0131 korunmas\u0131nda olduk\u00e7a \u00f6nemlidir. Nakliyat sigortas\u0131 ile e\u015fyalar\u0131n y\u00fckleme ya da bo\u015faltma esnas\u0131nda ba\u015f\u0131na gelebilecek herhangi bir zedelenme ya da kaza gibi durumlar\u0131n yan\u0131 s\u0131ra e\u015fyalar\u0131n transferi s\u0131ras\u0131nda ya\u015fanabilecek kazalar\u0131n ve e\u015fyalar\u0131n kaybolmas\u0131 gibi durumlar\u0131n da \u00f6n\u00fcne ge\u00e7ilmektedir.<\/p>\n","protected":false},"excerpt":{"rendered":"<p>Nakliyat sigortas\u0131\u00a0hem uluslararas\u0131 hem de yurt i\u00e7ine yap\u0131lan ta\u015f\u0131mac\u0131l\u0131k i\u015flemlerinde hem ta\u015f\u0131nan e\u015fyalar\u0131n hem de ta\u015f\u0131y\u0131c\u0131 firman\u0131n olu\u015fabilecek herhangi bir sorun ya da kazaya kar\u015f\u0131 korunmas\u0131nda olduk\u00e7a \u00f6nemlidir. Nakliyat sigortas\u0131 ile e\u015fyalar\u0131n y\u00fckleme ya da bo\u015faltma esnas\u0131nda ba\u015f\u0131na gelebilecek herhangi bir zedelenme ya da kaza gibi durumlar\u0131n yan\u0131 s\u0131ra e\u015fyalar\u0131n [&hellip;]<\/p>\n","protected":false},"author":1,"featured_media":0,"parent":0,"menu_order":0,"comment_status":"closed","ping_status":"closed","template":"","meta":{"_themeisle_gutenberg_block_has_review":false,"footnotes":""},"class_list":["post-224","page","type-page","status-publish","hentry"],"_links":{"self":[{"href":"https:\/\/www.onetsigorta.net\/index.php?rest_route=\/wp\/v2\/pages\/224","targetHints":{"allow":["GET"]}}],"collection":[{"href":"https:\/\/www.onetsigorta.net\/index.php?rest_route=\/wp\/v2\/pages"}],"about":[{"href":"https:\/\/www.onetsigorta.net\/index.php?rest_route=\/wp\/v2\/types\/page"}],"author":[{"embeddable":true,"href":"https:\/\/www.onetsigorta.net\/index.php?rest_route=\/wp\/v2\/users\/1"}],"replies":[{"embeddable":true,"href":"https:\/\/www.onetsigorta.net\/index.php?rest_route=%2Fwp%2Fv2%2Fcomments&post=224"}],"version-history":[{"count":1,"href":"https:\/\/www.onetsigorta.net\/index.php?rest_route=\/wp\/v2\/pages\/224\/revisions"}],"predecessor-version":[{"id":225,"href":"https:\/\/www.onetsigorta.net\/index.php?rest_route=\/wp\/v2\/pages\/224\/revisions\/225"}],"wp:attachment":[{"href":"https:\/\/www.onetsigorta.net\/index.php?rest_route=%2Fwp%2Fv2%2Fmedia&parent=224"}],"curies":[{"name":"wp","href":"https:\/\/api.w.org\/{rel}","templated":true}]}}