{"id":222,"date":"2023-07-28T21:23:08","date_gmt":"2023-07-28T21:23:08","guid":{"rendered":"http:\/\/www.onetsigorta.net\/?page_id=222"},"modified":"2023-07-28T21:23:08","modified_gmt":"2023-07-28T21:23:08","slug":"yangin-sigortasi","status":"publish","type":"page","link":"https:\/\/www.onetsigorta.net\/?page_id=222","title":{"rendered":"Yang\u0131n Sigortas\u0131"},"content":{"rendered":"\n<p>Ev i\u00e7in konut sigortas\u0131 veya i\u015fyeri sigortas\u0131 yapt\u0131rmak isteyen ki\u015filer, bu sigortalar\u0131n yang\u0131n teminat\u0131n\u0131 merak etmektedirler. Yang\u0131n teminat\u0131, ticari veya \u00f6zel ama\u00e7la kullan\u0131lan binada ya da yerle\u015fim alan\u0131nda meydana gelen yang\u0131n, infilak ve y\u0131ld\u0131r\u0131m gibi nedenle ile olu\u015fan maddi hasarlar\u0131 kapsamaktad\u0131r. Yang\u0131n teminat\u0131 ana maddelerine ek olarak poli\u00e7e kapsam\u0131na deprem ve ek teminat se\u00e7enekleri ilave edilebilmektedir. Konut ve i\u015fyeri sigortas\u0131 fiyatlar\u0131 her y\u0131l sigorta \u015firketleri taraf\u0131ndan g\u00fcncellenmektedir. Bu nedenle sigorta yapt\u0131rmak isteyen ki\u015filerin sigorta acenteleri ile ileti\u015fime ge\u00e7meleri gerekmektedir.<\/p>\n","protected":false},"excerpt":{"rendered":"<p>Ev i\u00e7in konut sigortas\u0131 veya i\u015fyeri sigortas\u0131 yapt\u0131rmak isteyen ki\u015filer, bu sigortalar\u0131n yang\u0131n teminat\u0131n\u0131 merak etmektedirler. Yang\u0131n teminat\u0131, ticari veya \u00f6zel ama\u00e7la kullan\u0131lan binada ya da yerle\u015fim alan\u0131nda meydana gelen yang\u0131n, infilak ve y\u0131ld\u0131r\u0131m gibi nedenle ile olu\u015fan maddi hasarlar\u0131 kapsamaktad\u0131r. Yang\u0131n teminat\u0131 ana maddelerine ek olarak poli\u00e7e kapsam\u0131na deprem [&hellip;]<\/p>\n","protected":false},"author":1,"featured_media":0,"parent":0,"menu_order":0,"comment_status":"closed","ping_status":"closed","template":"","meta":{"_themeisle_gutenberg_block_has_review":false,"footnotes":""},"class_list":["post-222","page","type-page","status-publish","hentry"],"_links":{"self":[{"href":"https:\/\/www.onetsigorta.net\/index.php?rest_route=\/wp\/v2\/pages\/222","targetHints":{"allow":["GET"]}}],"collection":[{"href":"https:\/\/www.onetsigorta.net\/index.php?rest_route=\/wp\/v2\/pages"}],"about":[{"href":"https:\/\/www.onetsigorta.net\/index.php?rest_route=\/wp\/v2\/types\/page"}],"author":[{"embeddable":true,"href":"https:\/\/www.onetsigorta.net\/index.php?rest_route=\/wp\/v2\/users\/1"}],"replies":[{"embeddable":true,"href":"https:\/\/www.onetsigorta.net\/index.php?rest_route=%2Fwp%2Fv2%2Fcomments&post=222"}],"version-history":[{"count":1,"href":"https:\/\/www.onetsigorta.net\/index.php?rest_route=\/wp\/v2\/pages\/222\/revisions"}],"predecessor-version":[{"id":223,"href":"https:\/\/www.onetsigorta.net\/index.php?rest_route=\/wp\/v2\/pages\/222\/revisions\/223"}],"wp:attachment":[{"href":"https:\/\/www.onetsigorta.net\/index.php?rest_route=%2Fwp%2Fv2%2Fmedia&parent=222"}],"curies":[{"name":"wp","href":"https:\/\/api.w.org\/{rel}","templated":true}]}}