{"id":220,"date":"2023-07-28T21:22:19","date_gmt":"2023-07-28T21:22:19","guid":{"rendered":"http:\/\/www.onetsigorta.net\/?page_id=220"},"modified":"2023-07-28T21:22:20","modified_gmt":"2023-07-28T21:22:20","slug":"ferdi-kaza-sigortasi","status":"publish","type":"page","link":"https:\/\/www.onetsigorta.net\/?page_id=220","title":{"rendered":"Ferdi Kaza Sigortas\u0131"},"content":{"rendered":"\n<p>Ferdi kaza sigortas\u0131 temel olarak, kar\u015f\u0131la\u015fabilece\u011finiz kazalardan sonra vefat etmeniz durumunda ailenize, maluliyet ya da yaralanma gibi durumlarda ise size maddi destek sunar. Ferdi kaza sigortalar\u0131 sayesinde zor anlarda, aileniz ya da siz maddi problemler ile u\u011fra\u015fmak zorunda kalmazs\u0131n\u0131z. Poli\u00e7e \u00e7e\u015fitlerine g\u00f6re aileniz ve siz, kaza sonucu vefat ya da kaza sonucu maluliyet gibi farkl\u0131 teminatlardan yararlanabilirsiniz.<\/p>\n","protected":false},"excerpt":{"rendered":"<p>Ferdi kaza sigortas\u0131 temel olarak, kar\u015f\u0131la\u015fabilece\u011finiz kazalardan sonra vefat etmeniz durumunda ailenize, maluliyet ya da yaralanma gibi durumlarda ise size maddi destek sunar. Ferdi kaza sigortalar\u0131 sayesinde zor anlarda, aileniz ya da siz maddi problemler ile u\u011fra\u015fmak zorunda kalmazs\u0131n\u0131z. Poli\u00e7e \u00e7e\u015fitlerine g\u00f6re aileniz ve siz, kaza sonucu vefat ya da [&hellip;]<\/p>\n","protected":false},"author":1,"featured_media":0,"parent":0,"menu_order":0,"comment_status":"closed","ping_status":"closed","template":"","meta":{"_themeisle_gutenberg_block_has_review":false,"footnotes":""},"class_list":["post-220","page","type-page","status-publish","hentry"],"_links":{"self":[{"href":"https:\/\/www.onetsigorta.net\/index.php?rest_route=\/wp\/v2\/pages\/220","targetHints":{"allow":["GET"]}}],"collection":[{"href":"https:\/\/www.onetsigorta.net\/index.php?rest_route=\/wp\/v2\/pages"}],"about":[{"href":"https:\/\/www.onetsigorta.net\/index.php?rest_route=\/wp\/v2\/types\/page"}],"author":[{"embeddable":true,"href":"https:\/\/www.onetsigorta.net\/index.php?rest_route=\/wp\/v2\/users\/1"}],"replies":[{"embeddable":true,"href":"https:\/\/www.onetsigorta.net\/index.php?rest_route=%2Fwp%2Fv2%2Fcomments&post=220"}],"version-history":[{"count":1,"href":"https:\/\/www.onetsigorta.net\/index.php?rest_route=\/wp\/v2\/pages\/220\/revisions"}],"predecessor-version":[{"id":221,"href":"https:\/\/www.onetsigorta.net\/index.php?rest_route=\/wp\/v2\/pages\/220\/revisions\/221"}],"wp:attachment":[{"href":"https:\/\/www.onetsigorta.net\/index.php?rest_route=%2Fwp%2Fv2%2Fmedia&parent=220"}],"curies":[{"name":"wp","href":"https:\/\/api.w.org\/{rel}","templated":true}]}}