{"id":218,"date":"2023-07-28T21:21:28","date_gmt":"2023-07-28T21:21:28","guid":{"rendered":"http:\/\/www.onetsigorta.net\/?page_id=218"},"modified":"2023-07-28T21:28:35","modified_gmt":"2023-07-28T21:28:35","slug":"imm-sigortasi","status":"publish","type":"page","link":"https:\/\/www.onetsigorta.net\/?page_id=218","title":{"rendered":"\u0130MM Sigortas\u0131"},"content":{"rendered":"\n<p>Motorlu Kara Ta\u015f\u0131tlar\u0131 \u0130htiyari Mali Mesuliyet Teminat\u0131 (\u0130MM), kaza sonras\u0131 kar\u015f\u0131 tarafa verilen zarar bedelinin Zorunlu Trafik Sigortas\u0131 poli\u00e7e limitlerinin \u00fczerinde kalmas\u0131 durumunda, a\u015f\u0131lan tutar\u0131n sigorta \u015firketi taraf\u0131ndan g\u00fcvence alt\u0131na al\u0131nmas\u0131n\u0131 sa\u011flar. \u00dcstelik sadece a\u015f\u0131lan hasar tutar\u0131 de\u011fil, sa\u011fl\u0131k \u00f6demeleri ve manevi tazminat talepleri de \u0130MM taraf\u0131ndan kar\u015f\u0131lan\u0131r.\u00a0<br>\u0130MM, kasko sigortas\u0131nda\u00a0bir ek teminat olarak al\u0131nabilece\u011fi gibi ayr\u0131 bir poli\u00e7e olarak yani\u00a0\u0130MM sigortas\u0131\u00a0olarak da sat\u0131n al\u0131nabilir.\u00a0\u0130MM\u2019nin poli\u00e7ede sunulan teminatlara g\u00f6re\u00a0limitli ve limitsiz(s\u0131n\u0131rs\u0131z)\u00a0olarak iki farkl\u0131 se\u00e7ene\u011fi bulunur. \u00d6deme miktarlar\u0131na g\u00f6re ihtiyac\u0131na uygun olan teminat se\u00e7ene\u011fini belirleyebilirsin.\u00a0<\/p>\n\n\n\n<p><\/p>\n\n\n\n<p><\/p>\n","protected":false},"excerpt":{"rendered":"<p>Motorlu Kara Ta\u015f\u0131tlar\u0131 \u0130htiyari Mali Mesuliyet Teminat\u0131 (\u0130MM), kaza sonras\u0131 kar\u015f\u0131 tarafa verilen zarar bedelinin Zorunlu Trafik Sigortas\u0131 poli\u00e7e limitlerinin \u00fczerinde kalmas\u0131 durumunda, a\u015f\u0131lan tutar\u0131n sigorta \u015firketi taraf\u0131ndan g\u00fcvence alt\u0131na al\u0131nmas\u0131n\u0131 sa\u011flar. \u00dcstelik sadece a\u015f\u0131lan hasar tutar\u0131 de\u011fil, sa\u011fl\u0131k \u00f6demeleri ve manevi tazminat talepleri de \u0130MM taraf\u0131ndan kar\u015f\u0131lan\u0131r.\u00a0\u0130MM, kasko sigortas\u0131nda\u00a0bir [&hellip;]<\/p>\n","protected":false},"author":1,"featured_media":0,"parent":0,"menu_order":0,"comment_status":"closed","ping_status":"closed","template":"","meta":{"_themeisle_gutenberg_block_has_review":false,"footnotes":""},"class_list":["post-218","page","type-page","status-publish","hentry"],"_links":{"self":[{"href":"https:\/\/www.onetsigorta.net\/index.php?rest_route=\/wp\/v2\/pages\/218","targetHints":{"allow":["GET"]}}],"collection":[{"href":"https:\/\/www.onetsigorta.net\/index.php?rest_route=\/wp\/v2\/pages"}],"about":[{"href":"https:\/\/www.onetsigorta.net\/index.php?rest_route=\/wp\/v2\/types\/page"}],"author":[{"embeddable":true,"href":"https:\/\/www.onetsigorta.net\/index.php?rest_route=\/wp\/v2\/users\/1"}],"replies":[{"embeddable":true,"href":"https:\/\/www.onetsigorta.net\/index.php?rest_route=%2Fwp%2Fv2%2Fcomments&post=218"}],"version-history":[{"count":2,"href":"https:\/\/www.onetsigorta.net\/index.php?rest_route=\/wp\/v2\/pages\/218\/revisions"}],"predecessor-version":[{"id":236,"href":"https:\/\/www.onetsigorta.net\/index.php?rest_route=\/wp\/v2\/pages\/218\/revisions\/236"}],"wp:attachment":[{"href":"https:\/\/www.onetsigorta.net\/index.php?rest_route=%2Fwp%2Fv2%2Fmedia&parent=218"}],"curies":[{"name":"wp","href":"https:\/\/api.w.org\/{rel}","templated":true}]}}