{"id":215,"date":"2023-07-28T21:15:59","date_gmt":"2023-07-28T21:15:59","guid":{"rendered":"http:\/\/www.onetsigorta.net\/?page_id=215"},"modified":"2023-07-28T21:16:00","modified_gmt":"2023-07-28T21:16:00","slug":"yabanci-saglik-sigortasi-2","status":"publish","type":"page","link":"https:\/\/www.onetsigorta.net\/?page_id=215","title":{"rendered":"Yabanc\u0131 Sa\u011fl\u0131k Sigortas\u0131"},"content":{"rendered":"\n<p>Yabanc\u0131 sa\u011fl\u0131k sigortas\u0131, T\u00fcrkiye\u2019de 1 y\u0131ldan uzun s\u00fcre ikamet edecek\u00a0yabanc\u0131 uyruklu ki\u015filerin\u00a0yapt\u0131rmas\u0131 gereken\u00a0bir sigortad\u0131r.\u00a0Bir ba\u015fka ifadeyle T\u00fcrk vatanda\u015fl\u0131\u011f\u0131 bulunmayan yabanc\u0131 uyruklu misafirlerin\u00a0ikamet izni ya da oturma izni almak ad\u0131na ba\u015fvurduklar\u0131 sa\u011fl\u0131k sigortas\u0131d\u0131r.\u00a0Sigorta kapsam\u0131nda yabanc\u0131 uyruklu ki\u015filer, ayakta ve yatarak tedavi teminatlar\u0131 gibi g\u00fcvencelere kavu\u015fur. Yabanc\u0131 sa\u011fl\u0131k sigortas\u0131,\u00a0yabanc\u0131 uyruklu oturma izni sa\u011fl\u0131k sigortas\u0131\u00a0olarak da tan\u0131mlan\u0131r.<\/p>\n","protected":false},"excerpt":{"rendered":"<p>Yabanc\u0131 sa\u011fl\u0131k sigortas\u0131, T\u00fcrkiye\u2019de 1 y\u0131ldan uzun s\u00fcre ikamet edecek\u00a0yabanc\u0131 uyruklu ki\u015filerin\u00a0yapt\u0131rmas\u0131 gereken\u00a0bir sigortad\u0131r.\u00a0Bir ba\u015fka ifadeyle T\u00fcrk vatanda\u015fl\u0131\u011f\u0131 bulunmayan yabanc\u0131 uyruklu misafirlerin\u00a0ikamet izni ya da oturma izni almak ad\u0131na ba\u015fvurduklar\u0131 sa\u011fl\u0131k sigortas\u0131d\u0131r.\u00a0Sigorta kapsam\u0131nda yabanc\u0131 uyruklu ki\u015filer, ayakta ve yatarak tedavi teminatlar\u0131 gibi g\u00fcvencelere kavu\u015fur. Yabanc\u0131 sa\u011fl\u0131k sigortas\u0131,\u00a0yabanc\u0131 uyruklu oturma izni [&hellip;]<\/p>\n","protected":false},"author":1,"featured_media":0,"parent":0,"menu_order":0,"comment_status":"closed","ping_status":"closed","template":"","meta":{"_themeisle_gutenberg_block_has_review":false,"footnotes":""},"class_list":["post-215","page","type-page","status-publish","hentry"],"_links":{"self":[{"href":"https:\/\/www.onetsigorta.net\/index.php?rest_route=\/wp\/v2\/pages\/215","targetHints":{"allow":["GET"]}}],"collection":[{"href":"https:\/\/www.onetsigorta.net\/index.php?rest_route=\/wp\/v2\/pages"}],"about":[{"href":"https:\/\/www.onetsigorta.net\/index.php?rest_route=\/wp\/v2\/types\/page"}],"author":[{"embeddable":true,"href":"https:\/\/www.onetsigorta.net\/index.php?rest_route=\/wp\/v2\/users\/1"}],"replies":[{"embeddable":true,"href":"https:\/\/www.onetsigorta.net\/index.php?rest_route=%2Fwp%2Fv2%2Fcomments&post=215"}],"version-history":[{"count":1,"href":"https:\/\/www.onetsigorta.net\/index.php?rest_route=\/wp\/v2\/pages\/215\/revisions"}],"predecessor-version":[{"id":216,"href":"https:\/\/www.onetsigorta.net\/index.php?rest_route=\/wp\/v2\/pages\/215\/revisions\/216"}],"wp:attachment":[{"href":"https:\/\/www.onetsigorta.net\/index.php?rest_route=%2Fwp%2Fv2%2Fmedia&parent=215"}],"curies":[{"name":"wp","href":"https:\/\/api.w.org\/{rel}","templated":true}]}}