{"id":212,"date":"2023-07-28T21:14:15","date_gmt":"2023-07-28T21:14:15","guid":{"rendered":"http:\/\/www.onetsigorta.net\/?page_id=212"},"modified":"2023-07-28T21:14:16","modified_gmt":"2023-07-28T21:14:16","slug":"seyahat-saglik-sigortasi","status":"publish","type":"page","link":"https:\/\/www.onetsigorta.net\/?page_id=212","title":{"rendered":"Seyahat Sa\u011fl\u0131k Sigortas\u0131"},"content":{"rendered":"\n<p>T\u00fcm seyahatlerinizde belirli riskler vard\u0131r. Beklenmedik hastal\u0131klar, kazalar ya da bagaj kaybolmas\u0131 gibi problemlerle kar\u015f\u0131la\u015fabilirsin. Seyahat sigortas\u0131 yapt\u0131rarak ise daha huzurlu bir tatil imkan\u0131 elde edilebilir. G\u00fcven ve huzur d\u0131\u015f\u0131nda ekonomik a\u00e7\u0131dan da avantajlar sa\u011flayan bu sigorta, aksiliklerde ekonomik a\u00e7\u0131dan b\u00fcy\u00fck zararlardan da korur.<\/p>\n\n\n\n<p>Tatile giderken ve d\u00f6n\u00fc\u015f i\u00e7in yol masraflar\u0131n\u0131&nbsp;da koruma alt\u0131na alarak maddi a\u00e7\u0131dan sana&nbsp;ayr\u0131 bir g\u00fcvence verir. Yolculu\u011funun&nbsp;iptal edilmesi, u\u00e7a\u011f\u0131n\u0131n gecikmesi gibi ma\u011fdur olabilece\u011fin&nbsp;durumlarda zararlar\u0131n\u0131&nbsp;gidererek ekonomik a\u00e7\u0131dan zarar g\u00f6rmeni&nbsp;\u00f6nler. Tatil s\u0131ras\u0131nda hastalanma veya yaralanma durumlar\u0131nda ise uygun bir t\u0131bbi merkeze nakil giderlerini kar\u015f\u0131lama teminat\u0131, avantajl\u0131 bir seyahat ge\u00e7irmene olanak yarat\u0131r.<\/p>\n","protected":false},"excerpt":{"rendered":"<p>T\u00fcm seyahatlerinizde belirli riskler vard\u0131r. Beklenmedik hastal\u0131klar, kazalar ya da bagaj kaybolmas\u0131 gibi problemlerle kar\u015f\u0131la\u015fabilirsin. Seyahat sigortas\u0131 yapt\u0131rarak ise daha huzurlu bir tatil imkan\u0131 elde edilebilir. G\u00fcven ve huzur d\u0131\u015f\u0131nda ekonomik a\u00e7\u0131dan da avantajlar sa\u011flayan bu sigorta, aksiliklerde ekonomik a\u00e7\u0131dan b\u00fcy\u00fck zararlardan da korur. Tatile giderken ve d\u00f6n\u00fc\u015f i\u00e7in yol [&hellip;]<\/p>\n","protected":false},"author":1,"featured_media":0,"parent":0,"menu_order":0,"comment_status":"closed","ping_status":"closed","template":"","meta":{"_themeisle_gutenberg_block_has_review":false,"footnotes":""},"class_list":["post-212","page","type-page","status-publish","hentry"],"_links":{"self":[{"href":"https:\/\/www.onetsigorta.net\/index.php?rest_route=\/wp\/v2\/pages\/212","targetHints":{"allow":["GET"]}}],"collection":[{"href":"https:\/\/www.onetsigorta.net\/index.php?rest_route=\/wp\/v2\/pages"}],"about":[{"href":"https:\/\/www.onetsigorta.net\/index.php?rest_route=\/wp\/v2\/types\/page"}],"author":[{"embeddable":true,"href":"https:\/\/www.onetsigorta.net\/index.php?rest_route=\/wp\/v2\/users\/1"}],"replies":[{"embeddable":true,"href":"https:\/\/www.onetsigorta.net\/index.php?rest_route=%2Fwp%2Fv2%2Fcomments&post=212"}],"version-history":[{"count":1,"href":"https:\/\/www.onetsigorta.net\/index.php?rest_route=\/wp\/v2\/pages\/212\/revisions"}],"predecessor-version":[{"id":213,"href":"https:\/\/www.onetsigorta.net\/index.php?rest_route=\/wp\/v2\/pages\/212\/revisions\/213"}],"wp:attachment":[{"href":"https:\/\/www.onetsigorta.net\/index.php?rest_route=%2Fwp%2Fv2%2Fmedia&parent=212"}],"curies":[{"name":"wp","href":"https:\/\/api.w.org\/{rel}","templated":true}]}}