{"id":209,"date":"2023-07-28T21:12:56","date_gmt":"2023-07-28T21:12:56","guid":{"rendered":"http:\/\/www.onetsigorta.net\/?page_id=209"},"modified":"2023-07-28T21:12:57","modified_gmt":"2023-07-28T21:12:57","slug":"ozel-saglik-sigortasi","status":"publish","type":"page","link":"https:\/\/www.onetsigorta.net\/?page_id=209","title":{"rendered":"\u00d6zel Sa\u011fl\u0131k Sigortas\u0131"},"content":{"rendered":"\n<p>\u00d6zel sa\u011fl\u0131k sigortas\u0131; anla\u015fma dahilinde faydalanabilece\u011finiz sa\u011fl\u0131k hizmetlerini garanti alt\u0131na alan, beklenmedik bir hastal\u0131k ya da kaza sonucu ortaya \u00e7\u0131kabilecek sorunlar i\u00e7in tan\u0131 ve tedavi gerektiren sa\u011fl\u0131k hizmetinin giderlerini kar\u015f\u0131layan bir sigorta t\u00fcr\u00fcd\u00fcr.<\/p>\n\n\n\n<p>\u0130ste\u011fe ba\u011fl\u0131 olarak yapt\u0131r\u0131labilecek olan \u00f6zel sa\u011fl\u0131k sigortas\u0131 ile belirlenen hastanelerde daha iyi \u015fartlar alt\u0131nda hizmet alabilirsiniz. S\u00f6z konusu sa\u011fl\u0131k olunca, ihmal edilmeyecek bir alan oldu\u011fu i\u00e7in hepimiz en iyi doktorlara ve en iyi ekipmanlara sahip hastanelerde tedavi olmay\u0131 isteriz.<\/p>\n","protected":false},"excerpt":{"rendered":"<p>\u00d6zel sa\u011fl\u0131k sigortas\u0131; anla\u015fma dahilinde faydalanabilece\u011finiz sa\u011fl\u0131k hizmetlerini garanti alt\u0131na alan, beklenmedik bir hastal\u0131k ya da kaza sonucu ortaya \u00e7\u0131kabilecek sorunlar i\u00e7in tan\u0131 ve tedavi gerektiren sa\u011fl\u0131k hizmetinin giderlerini kar\u015f\u0131layan bir sigorta t\u00fcr\u00fcd\u00fcr. \u0130ste\u011fe ba\u011fl\u0131 olarak yapt\u0131r\u0131labilecek olan \u00f6zel sa\u011fl\u0131k sigortas\u0131 ile belirlenen hastanelerde daha iyi \u015fartlar alt\u0131nda hizmet alabilirsiniz. [&hellip;]<\/p>\n","protected":false},"author":1,"featured_media":0,"parent":0,"menu_order":0,"comment_status":"closed","ping_status":"closed","template":"","meta":{"_themeisle_gutenberg_block_has_review":false,"footnotes":""},"class_list":["post-209","page","type-page","status-publish","hentry"],"_links":{"self":[{"href":"https:\/\/www.onetsigorta.net\/index.php?rest_route=\/wp\/v2\/pages\/209","targetHints":{"allow":["GET"]}}],"collection":[{"href":"https:\/\/www.onetsigorta.net\/index.php?rest_route=\/wp\/v2\/pages"}],"about":[{"href":"https:\/\/www.onetsigorta.net\/index.php?rest_route=\/wp\/v2\/types\/page"}],"author":[{"embeddable":true,"href":"https:\/\/www.onetsigorta.net\/index.php?rest_route=\/wp\/v2\/users\/1"}],"replies":[{"embeddable":true,"href":"https:\/\/www.onetsigorta.net\/index.php?rest_route=%2Fwp%2Fv2%2Fcomments&post=209"}],"version-history":[{"count":1,"href":"https:\/\/www.onetsigorta.net\/index.php?rest_route=\/wp\/v2\/pages\/209\/revisions"}],"predecessor-version":[{"id":210,"href":"https:\/\/www.onetsigorta.net\/index.php?rest_route=\/wp\/v2\/pages\/209\/revisions\/210"}],"wp:attachment":[{"href":"https:\/\/www.onetsigorta.net\/index.php?rest_route=%2Fwp%2Fv2%2Fmedia&parent=209"}],"curies":[{"name":"wp","href":"https:\/\/api.w.org\/{rel}","templated":true}]}}