{"id":205,"date":"2023-07-28T21:09:51","date_gmt":"2023-07-28T21:09:51","guid":{"rendered":"http:\/\/www.onetsigorta.net\/?page_id=205"},"modified":"2023-07-28T21:09:59","modified_gmt":"2023-07-28T21:09:59","slug":"yabanci-saglik-sigortasi","status":"publish","type":"page","link":"https:\/\/www.onetsigorta.net\/?page_id=205","title":{"rendered":"Tamamlay\u0131c\u0131 Sa\u011fl\u0131k Sigortas\u0131"},"content":{"rendered":"\n<p>\u201cTamamlay\u0131c\u0131 Sa\u011fl\u0131k Sigortas\u0131 Nedir?\u201d sorusu s\u0131k\u00e7a sorulur. Bu sigorta poli\u00e7esi, hali haz\u0131rda Sosyal G\u00fcvenlik Kurumuna ba\u011fl\u0131 olarak sigortal\u0131 olan ki\u015filerin, SGK anla\u015fmal\u0131 \u00f6zel hastanelerde ekstra bir \u00fccret \u00f6demeden muayene, tahlil ve tedavi hizmeti almas\u0131n\u0131 sa\u011flayan bir poli\u00e7edir.<\/p>\n\n\n\n<p>SGK\u2019n\u0131n sundu\u011fu sa\u011fl\u0131k hizmeti, her \u00f6zel hastanenin maliyetini kar\u015f\u0131layamayabilir. Tamamlay\u0131c\u0131 sa\u011fl\u0131k sigortas\u0131na sahip olarak daha ciddi sa\u011fl\u0131k durumlar\u0131nda nitelikli bir SGK anla\u015fmal\u0131 \u00f6zel hastaneden yararlanmak i\u00e7in devasa \u00fccretler \u00f6demenizin \u00f6n\u00fcne ge\u00e7er. K\u0131sacas\u0131 Tamamlay\u0131c\u0131 Sa\u011fl\u0131k Sigortas\u0131, hem ayakta tedavi hem de yatarak tedavi hizmetlerinde SGK\u2019n\u0131n kar\u015f\u0131lad\u0131\u011f\u0131 bedelin \u00fcst\u00fcn\u00fc tamamlayan bir poli\u00e7edir. B\u00f6ylelikle kendinizi ve sevdiklerinizi daha g\u00fcvenli bir gelece\u011fe haz\u0131rlayabilir, olas\u0131 sa\u011fl\u0131k sorunlar\u0131na \u00e7\u00f6z\u00fcmler bulabilirsiniz.<\/p>\n","protected":false},"excerpt":{"rendered":"<p>\u201cTamamlay\u0131c\u0131 Sa\u011fl\u0131k Sigortas\u0131 Nedir?\u201d sorusu s\u0131k\u00e7a sorulur. Bu sigorta poli\u00e7esi, hali haz\u0131rda Sosyal G\u00fcvenlik Kurumuna ba\u011fl\u0131 olarak sigortal\u0131 olan ki\u015filerin, SGK anla\u015fmal\u0131 \u00f6zel hastanelerde ekstra bir \u00fccret \u00f6demeden muayene, tahlil ve tedavi hizmeti almas\u0131n\u0131 sa\u011flayan bir poli\u00e7edir. SGK\u2019n\u0131n sundu\u011fu sa\u011fl\u0131k hizmeti, her \u00f6zel hastanenin maliyetini kar\u015f\u0131layamayabilir. Tamamlay\u0131c\u0131 sa\u011fl\u0131k sigortas\u0131na sahip [&hellip;]<\/p>\n","protected":false},"author":1,"featured_media":0,"parent":0,"menu_order":0,"comment_status":"closed","ping_status":"closed","template":"","meta":{"_themeisle_gutenberg_block_has_review":false,"footnotes":""},"class_list":["post-205","page","type-page","status-publish","hentry"],"_links":{"self":[{"href":"https:\/\/www.onetsigorta.net\/index.php?rest_route=\/wp\/v2\/pages\/205","targetHints":{"allow":["GET"]}}],"collection":[{"href":"https:\/\/www.onetsigorta.net\/index.php?rest_route=\/wp\/v2\/pages"}],"about":[{"href":"https:\/\/www.onetsigorta.net\/index.php?rest_route=\/wp\/v2\/types\/page"}],"author":[{"embeddable":true,"href":"https:\/\/www.onetsigorta.net\/index.php?rest_route=\/wp\/v2\/users\/1"}],"replies":[{"embeddable":true,"href":"https:\/\/www.onetsigorta.net\/index.php?rest_route=%2Fwp%2Fv2%2Fcomments&post=205"}],"version-history":[{"count":2,"href":"https:\/\/www.onetsigorta.net\/index.php?rest_route=\/wp\/v2\/pages\/205\/revisions"}],"predecessor-version":[{"id":207,"href":"https:\/\/www.onetsigorta.net\/index.php?rest_route=\/wp\/v2\/pages\/205\/revisions\/207"}],"wp:attachment":[{"href":"https:\/\/www.onetsigorta.net\/index.php?rest_route=%2Fwp%2Fv2%2Fmedia&parent=205"}],"curies":[{"name":"wp","href":"https:\/\/api.w.org\/{rel}","templated":true}]}}