{"id":2,"date":"2023-07-27T18:15:06","date_gmt":"2023-07-27T18:15:06","guid":{"rendered":"http:\/\/www.onetsigorta.net\/?page_id=2"},"modified":"2023-07-28T12:28:58","modified_gmt":"2023-07-28T12:28:58","slug":"sample-page","status":"publish","type":"page","link":"https:\/\/www.onetsigorta.net\/?page_id=2","title":{"rendered":"TRAF\u0130K S\u0130GORTASI"},"content":{"rendered":"\n<h2 class=\"wp-block-heading\">Trafik Sigortas\u0131 Nedir?<\/h2>\n\n\n\n<p>Zorunlu trafik sigortas\u0131, sigortal\u0131 arac\u0131n herhangi bir kazaya kar\u0131\u015farak trafikteki di\u011fer ara\u00e7lara ve insanlara zarar vermesi durumunda do\u011fabilecek olan zararlar\u0131n kar\u015f\u0131lanmas\u0131 i\u00e7in gereken maddi y\u00fckleri teminat alt\u0131na al\u0131yor.<\/p>\n\n\n\n<p>Zorunlu trafik sigortas\u0131 trafikteki di\u011fer akt\u00f6rleri koruma amac\u0131na ba\u011fl\u0131 olarak, yapt\u0131r\u0131lmas\u0131 devlet taraf\u0131ndan zorunlu tutulmu\u015f sigorta t\u00fcrleri aras\u0131nda yer al\u0131yor. Zorunlu trafik sigortas\u0131 olmaks\u0131z\u0131n ara\u00e7lar\u0131n trafi\u011fe \u00e7\u0131kan ara\u00e7lar, kolluk kuvvetleri ve di\u011fer yetkili memurlar taraf\u0131ndan trafikten men ediliyor. Ara\u00e7lar\u0131n trafikten derhal men edilmesi uygulamas\u0131nda ama\u00e7; trafikte kendi kusuruyla di\u011fer ara\u00e7lara ve insanlara zarar veren ki\u015filerin ortaya \u00e7\u0131kan zararlar\u0131 tazmin etme g\u00fcc\u00fcn\u00fc garanti alt\u0131na almakt\u0131r.<\/p>\n\n\n\n<p>Kazada kusurlu olan taraf, di\u011fer taraf\u0131n arac\u0131nda olu\u015fan hasarlar\u0131n tamirini ve tedavi masraflar\u0131n\u0131 \u00f6demekle y\u00fck\u00fcml\u00fc oluyor. Fakat kusurlu olan taraf bu masraflar\u0131 \u00f6deme g\u00fcc\u00fcne sahip olmad\u0131\u011f\u0131nda, kar\u015f\u0131 taraf kazan\u0131n olu\u015fumunda hi\u00e7bir kusuru olmad\u0131\u011f\u0131 halde maddi zarar ile ba\u015f&nbsp;ba\u015fa kalabiliyor. Trafik kazalar\u0131nda kusuru bulunmayan s\u00fcr\u00fcc\u00fclerin ma\u011fduriyet ya\u015famamalar\u0131 ad\u0131na \u00fclkemizde trafik sigortalar\u0131 zorunlulu\u011fu bulunuyor.<\/p>\n","protected":false},"excerpt":{"rendered":"<p>Trafik Sigortas\u0131 Nedir? Zorunlu trafik sigortas\u0131, sigortal\u0131 arac\u0131n herhangi bir kazaya kar\u0131\u015farak trafikteki di\u011fer ara\u00e7lara ve insanlara zarar vermesi durumunda do\u011fabilecek olan zararlar\u0131n kar\u015f\u0131lanmas\u0131 i\u00e7in gereken maddi y\u00fckleri teminat alt\u0131na al\u0131yor. Zorunlu trafik sigortas\u0131 trafikteki di\u011fer akt\u00f6rleri koruma amac\u0131na ba\u011fl\u0131 olarak, yapt\u0131r\u0131lmas\u0131 devlet taraf\u0131ndan zorunlu tutulmu\u015f sigorta t\u00fcrleri aras\u0131nda yer [&hellip;]<\/p>\n","protected":false},"author":1,"featured_media":0,"parent":0,"menu_order":0,"comment_status":"closed","ping_status":"open","template":"","meta":{"_themeisle_gutenberg_block_has_review":false,"footnotes":""},"class_list":["post-2","page","type-page","status-publish","hentry"],"_links":{"self":[{"href":"https:\/\/www.onetsigorta.net\/index.php?rest_route=\/wp\/v2\/pages\/2","targetHints":{"allow":["GET"]}}],"collection":[{"href":"https:\/\/www.onetsigorta.net\/index.php?rest_route=\/wp\/v2\/pages"}],"about":[{"href":"https:\/\/www.onetsigorta.net\/index.php?rest_route=\/wp\/v2\/types\/page"}],"author":[{"embeddable":true,"href":"https:\/\/www.onetsigorta.net\/index.php?rest_route=\/wp\/v2\/users\/1"}],"replies":[{"embeddable":true,"href":"https:\/\/www.onetsigorta.net\/index.php?rest_route=%2Fwp%2Fv2%2Fcomments&post=2"}],"version-history":[{"count":2,"href":"https:\/\/www.onetsigorta.net\/index.php?rest_route=\/wp\/v2\/pages\/2\/revisions"}],"predecessor-version":[{"id":152,"href":"https:\/\/www.onetsigorta.net\/index.php?rest_route=\/wp\/v2\/pages\/2\/revisions\/152"}],"wp:attachment":[{"href":"https:\/\/www.onetsigorta.net\/index.php?rest_route=%2Fwp%2Fv2%2Fmedia&parent=2"}],"curies":[{"name":"wp","href":"https:\/\/api.w.org\/{rel}","templated":true}]}}