{"id":191,"date":"2023-07-28T14:42:20","date_gmt":"2023-07-28T14:42:20","guid":{"rendered":"http:\/\/www.onetsigorta.net\/?page_id=191"},"modified":"2023-07-28T14:42:20","modified_gmt":"2023-07-28T14:42:20","slug":"tarsim","status":"publish","type":"page","link":"https:\/\/www.onetsigorta.net\/?page_id=191","title":{"rendered":"TARS\u0130M"},"content":{"rendered":"\n<h2 class=\"wp-block-heading\">Tarsim Sigortas\u0131 Nedir ?<\/h2>\n\n\n\n<p>Tar\u0131m \u00fcretimi, iklimsel durumlar ve do\u011fal afetler nedeniyle sekteye u\u011frayabilir. B\u00f6yle bir durumda hem \u00e7ift\u00e7iler hem de d\u00f6nemsel olarak bu faaliyet ile ilgilenen ki\u015filer ciddi anlamda maddi kay\u0131p ya\u015far. \u0130\u015fte bu noktada \u00f6nemi anla\u015f\u0131lan\u00a0TARS\u0130M sigortas\u0131,\u00a0tar\u0131mla u\u011fra\u015fan ki\u015fileri olumsuz durumlara kar\u015f\u0131 koruyan devlet destekli bir sigorta t\u00fcr\u00fcd\u00fcr ve devletin deste\u011fi ile birlikte hem tar\u0131m \u00fcreticilerini hem de \u00e7ift\u00e7ileri g\u00fcvence alt\u0131na alarak zarar\u0131n olumsuz etkilerinden korunmalar\u0131n\u0131 sa\u011flar.<\/p>\n","protected":false},"excerpt":{"rendered":"<p>Tarsim Sigortas\u0131 Nedir ? Tar\u0131m \u00fcretimi, iklimsel durumlar ve do\u011fal afetler nedeniyle sekteye u\u011frayabilir. B\u00f6yle bir durumda hem \u00e7ift\u00e7iler hem de d\u00f6nemsel olarak bu faaliyet ile ilgilenen ki\u015filer ciddi anlamda maddi kay\u0131p ya\u015far. \u0130\u015fte bu noktada \u00f6nemi anla\u015f\u0131lan\u00a0TARS\u0130M sigortas\u0131,\u00a0tar\u0131mla u\u011fra\u015fan ki\u015fileri olumsuz durumlara kar\u015f\u0131 koruyan devlet destekli bir sigorta t\u00fcr\u00fcd\u00fcr [&hellip;]<\/p>\n","protected":false},"author":1,"featured_media":0,"parent":0,"menu_order":0,"comment_status":"closed","ping_status":"closed","template":"","meta":{"_themeisle_gutenberg_block_has_review":false,"footnotes":""},"class_list":["post-191","page","type-page","status-publish","hentry"],"_links":{"self":[{"href":"https:\/\/www.onetsigorta.net\/index.php?rest_route=\/wp\/v2\/pages\/191","targetHints":{"allow":["GET"]}}],"collection":[{"href":"https:\/\/www.onetsigorta.net\/index.php?rest_route=\/wp\/v2\/pages"}],"about":[{"href":"https:\/\/www.onetsigorta.net\/index.php?rest_route=\/wp\/v2\/types\/page"}],"author":[{"embeddable":true,"href":"https:\/\/www.onetsigorta.net\/index.php?rest_route=\/wp\/v2\/users\/1"}],"replies":[{"embeddable":true,"href":"https:\/\/www.onetsigorta.net\/index.php?rest_route=%2Fwp%2Fv2%2Fcomments&post=191"}],"version-history":[{"count":1,"href":"https:\/\/www.onetsigorta.net\/index.php?rest_route=\/wp\/v2\/pages\/191\/revisions"}],"predecessor-version":[{"id":192,"href":"https:\/\/www.onetsigorta.net\/index.php?rest_route=\/wp\/v2\/pages\/191\/revisions\/192"}],"wp:attachment":[{"href":"https:\/\/www.onetsigorta.net\/index.php?rest_route=%2Fwp%2Fv2%2Fmedia&parent=191"}],"curies":[{"name":"wp","href":"https:\/\/api.w.org\/{rel}","templated":true}]}}