{"id":188,"date":"2023-07-28T14:30:10","date_gmt":"2023-07-28T14:30:10","guid":{"rendered":"http:\/\/www.onetsigorta.net\/?page_id=188"},"modified":"2023-07-28T14:30:10","modified_gmt":"2023-07-28T14:30:10","slug":"dask","status":"publish","type":"page","link":"https:\/\/www.onetsigorta.net\/?page_id=188","title":{"rendered":"DASK"},"content":{"rendered":"\n<h2 class=\"wp-block-heading\">Dask Sigortas\u0131 Nedir ?<\/h2>\n\n\n\n<p>Dask poli\u00e7esi, sigorta \u015firketleri arac\u0131l\u0131\u011f\u0131 ile yapt\u0131r\u0131lan deprem sigortas\u0131d\u0131r.\u00a0<strong>DASK<\/strong>, Zorunlu Deprem Sigortas\u0131\u2019n\u0131n yayg\u0131nl\u0131\u011f\u0131n\u0131 \u00fclke genelinde birlikte \u00e7al\u0131\u015ft\u0131\u011f\u0131 sigorta \u015firketleri, bunlara ba\u011fl\u0131 acenteler ve banka \u015fubelerinden olu\u015fan da\u011f\u0131t\u0131m a\u011f\u0131yla art\u0131r\u0131r. Ayn\u0131 zamanda uygulad\u0131\u011f\u0131 d\u00fc\u015f\u00fck prim maliyetleriyle de herkesin bu g\u00fcvenceye sahip olmas\u0131n\u0131 kolayla\u015ft\u0131rmay\u0131 hedefler.\u00a0<\/p>\n\n\n\n<p><\/p>\n","protected":false},"excerpt":{"rendered":"<p>Dask Sigortas\u0131 Nedir ? Dask poli\u00e7esi, sigorta \u015firketleri arac\u0131l\u0131\u011f\u0131 ile yapt\u0131r\u0131lan deprem sigortas\u0131d\u0131r.\u00a0DASK, Zorunlu Deprem Sigortas\u0131\u2019n\u0131n yayg\u0131nl\u0131\u011f\u0131n\u0131 \u00fclke genelinde birlikte \u00e7al\u0131\u015ft\u0131\u011f\u0131 sigorta \u015firketleri, bunlara ba\u011fl\u0131 acenteler ve banka \u015fubelerinden olu\u015fan da\u011f\u0131t\u0131m a\u011f\u0131yla art\u0131r\u0131r. Ayn\u0131 zamanda uygulad\u0131\u011f\u0131 d\u00fc\u015f\u00fck prim maliyetleriyle de herkesin bu g\u00fcvenceye sahip olmas\u0131n\u0131 kolayla\u015ft\u0131rmay\u0131 hedefler.\u00a0<\/p>\n","protected":false},"author":1,"featured_media":0,"parent":0,"menu_order":0,"comment_status":"closed","ping_status":"closed","template":"","meta":{"_themeisle_gutenberg_block_has_review":false,"footnotes":""},"class_list":["post-188","page","type-page","status-publish","hentry"],"_links":{"self":[{"href":"https:\/\/www.onetsigorta.net\/index.php?rest_route=\/wp\/v2\/pages\/188","targetHints":{"allow":["GET"]}}],"collection":[{"href":"https:\/\/www.onetsigorta.net\/index.php?rest_route=\/wp\/v2\/pages"}],"about":[{"href":"https:\/\/www.onetsigorta.net\/index.php?rest_route=\/wp\/v2\/types\/page"}],"author":[{"embeddable":true,"href":"https:\/\/www.onetsigorta.net\/index.php?rest_route=\/wp\/v2\/users\/1"}],"replies":[{"embeddable":true,"href":"https:\/\/www.onetsigorta.net\/index.php?rest_route=%2Fwp%2Fv2%2Fcomments&post=188"}],"version-history":[{"count":1,"href":"https:\/\/www.onetsigorta.net\/index.php?rest_route=\/wp\/v2\/pages\/188\/revisions"}],"predecessor-version":[{"id":189,"href":"https:\/\/www.onetsigorta.net\/index.php?rest_route=\/wp\/v2\/pages\/188\/revisions\/189"}],"wp:attachment":[{"href":"https:\/\/www.onetsigorta.net\/index.php?rest_route=%2Fwp%2Fv2%2Fmedia&parent=188"}],"curies":[{"name":"wp","href":"https:\/\/api.w.org\/{rel}","templated":true}]}}