{"id":185,"date":"2023-07-28T14:21:16","date_gmt":"2023-07-28T14:21:16","guid":{"rendered":"http:\/\/www.onetsigorta.net\/?page_id=185"},"modified":"2024-11-02T21:25:34","modified_gmt":"2024-11-02T21:25:34","slug":"hakkimizda","status":"publish","type":"page","link":"https:\/\/www.onetsigorta.net\/?page_id=185","title":{"rendered":"Hakk\u0131m\u0131zda"},"content":{"rendered":"\n<p><\/p>\n\n\n\n<p><strong>Kurulu\u015fumuz<\/strong><\/p>\n\n\n\n<p>1985 y\u0131l\u0131nda Erhan KESK\u0130N taraf\u0131ndan B\u00fcro-\u0130\u015flem ad\u0131 alt\u0131nda muhasebe ve sigorta sekt\u00f6r\u00fcnde ad\u0131m atan firmam\u0131z, 1990 y\u0131l\u0131nda &#8220;Nihal Keskin Sigorta ve Arac\u0131l\u0131k Hizmetleri&#8221; ismiyle yaln\u0131zca sigortac\u0131l\u0131k alan\u0131na odaklanm\u0131\u015ft\u0131r. Erhan ve Nihal KESK\u0130N, 25 y\u0131l boyunca sekt\u00f6rdeki deneyimlerini birle\u015ftirerek g\u00fcvenilir bir hizmet sunmu\u015flard\u0131r. 2015 y\u0131l\u0131nda Onur KESK\u0130N\u2019in de kat\u0131l\u0131m\u0131yla, 30 y\u0131ll\u0131k birikimimizi ve aile de\u011ferlerimizi daha da g\u00fc\u00e7lendirerek yolumuza devam ediyoruz.<\/p>\n\n\n\n<p><strong>Kurulu\u015f Amac\u0131m\u0131z<\/strong><\/p>\n\n\n\n<p>Sigortac\u0131l\u0131\u011f\u0131n en temel ilkesi olan &#8220;G\u00dcVEN&#8221;, bizim i\u00e7in bir ya\u015fam felsefesi haline gelmi\u015ftir. Zor zamanlar\u0131n\u0131zda (kaza, deprem vb.) yan\u0131n\u0131zda olarak, sizlere g\u00fcvenilir ve h\u0131zl\u0131 bir destek sunmak en b\u00fcy\u00fck hedefimizdir.<\/p>\n\n\n\n<p><strong>Neden ONET S\u0130GORTA?<\/strong><\/p>\n\n\n\n<ul class=\"wp-block-list\">\n<li><strong>7\/24 \u0130leti\u015fim<\/strong>: Her durumda sizinle ileti\u015fimde kalmak \u00f6nceli\u011fimiz.<\/li>\n\n\n\n<li><strong>Tecr\u00fcbeli Kadro<\/strong>: Sekt\u00f6rdeki uzun y\u0131llara dayanan deneyimimizle yan\u0131n\u0131zday\u0131z.<\/li>\n\n\n\n<li><strong>G\u00fcvenilirlik<\/strong>: \u0130\u015f ve ya\u015fam prensibimiz olan g\u00fcveni her zaman \u00f6n planda tutuyoruz.<\/li>\n\n\n\n<li><strong>Pratik \u00c7\u00f6z\u00fcmler<\/strong>: H\u0131zl\u0131 ve etkili \u00e7\u00f6z\u00fcmlerle ihtiya\u00e7lar\u0131n\u0131za cevap veriyoruz.<\/li>\n\n\n\n<li><strong>Ekonomik Se\u00e7enekler<\/strong>: Hem kaliteli hem de b\u00fct\u00e7enize uygun sigorta se\u00e7enekleri sunuyoruz.<\/li>\n\n\n\n<li><strong>NET Hizmet Anlay\u0131\u015f\u0131<\/strong>: A\u00e7\u0131k ve anla\u015f\u0131l\u0131r hizmet anlay\u0131\u015f\u0131m\u0131zla size her zaman destek oluyoruz.<\/li>\n<\/ul>\n\n\n\n<p><strong>Hizmetlerimiz<\/strong><\/p>\n\n\n\n<p>ONET S\u0130GORTA olarak geni\u015f bir sigorta portf\u00f6y\u00fc sunuyoruz:<\/p>\n\n\n\n<ul class=\"wp-block-list\">\n<li>Kasko<\/li>\n\n\n\n<li>Trafik Sigortas\u0131<\/li>\n\n\n\n<li>\u0130\u015fyeri Sigortas\u0131<\/li>\n\n\n\n<li>Konut Sigortas\u0131<\/li>\n\n\n\n<li>DASK<\/li>\n\n\n\n<li>Kefalet Sigortas\u0131<\/li>\n\n\n\n<li>Sa\u011fl\u0131k Sigortas\u0131<\/li>\n\n\n\n<li>Nakliyat Sigortas\u0131<\/li>\n\n\n\n<li>Ferdi Kaza Sigortas\u0131<\/li>\n\n\n\n<li>TARS\u0130M<\/li>\n<\/ul>\n\n\n\n<p>Sekt\u00f6rdeki ba\u015far\u0131lar\u0131m\u0131z\u0131 ve m\u00fc\u015fteri memnuniyetini \u00f6d\u00fcllerle ta\u00e7land\u0131rarak, \u201c25 Seneyi Dolduran Acente Plaketi\u201d gibi bir\u00e7ok \u00f6d\u00fcle lay\u0131k g\u00f6r\u00fcld\u00fck. Bizimle g\u00fcvenli bir gelece\u011fe ad\u0131m at\u0131n!<\/p>\n","protected":false},"excerpt":{"rendered":"<p>Kurulu\u015fumuz 1985 y\u0131l\u0131nda Erhan KESK\u0130N taraf\u0131ndan B\u00fcro-\u0130\u015flem ad\u0131 alt\u0131nda muhasebe ve sigorta sekt\u00f6r\u00fcnde ad\u0131m atan firmam\u0131z, 1990 y\u0131l\u0131nda &#8220;Nihal Keskin Sigorta ve Arac\u0131l\u0131k Hizmetleri&#8221; ismiyle yaln\u0131zca sigortac\u0131l\u0131k alan\u0131na odaklanm\u0131\u015ft\u0131r. Erhan ve Nihal KESK\u0130N, 25 y\u0131l boyunca sekt\u00f6rdeki deneyimlerini birle\u015ftirerek g\u00fcvenilir bir hizmet sunmu\u015flard\u0131r. 2015 y\u0131l\u0131nda Onur KESK\u0130N\u2019in de kat\u0131l\u0131m\u0131yla, 30 [&hellip;]<\/p>\n","protected":false},"author":1,"featured_media":0,"parent":0,"menu_order":0,"comment_status":"closed","ping_status":"closed","template":"","meta":{"_themeisle_gutenberg_block_has_review":false,"footnotes":""},"class_list":["post-185","page","type-page","status-publish","hentry"],"_links":{"self":[{"href":"https:\/\/www.onetsigorta.net\/index.php?rest_route=\/wp\/v2\/pages\/185","targetHints":{"allow":["GET"]}}],"collection":[{"href":"https:\/\/www.onetsigorta.net\/index.php?rest_route=\/wp\/v2\/pages"}],"about":[{"href":"https:\/\/www.onetsigorta.net\/index.php?rest_route=\/wp\/v2\/types\/page"}],"author":[{"embeddable":true,"href":"https:\/\/www.onetsigorta.net\/index.php?rest_route=\/wp\/v2\/users\/1"}],"replies":[{"embeddable":true,"href":"https:\/\/www.onetsigorta.net\/index.php?rest_route=%2Fwp%2Fv2%2Fcomments&post=185"}],"version-history":[{"count":2,"href":"https:\/\/www.onetsigorta.net\/index.php?rest_route=\/wp\/v2\/pages\/185\/revisions"}],"predecessor-version":[{"id":382,"href":"https:\/\/www.onetsigorta.net\/index.php?rest_route=\/wp\/v2\/pages\/185\/revisions\/382"}],"wp:attachment":[{"href":"https:\/\/www.onetsigorta.net\/index.php?rest_route=%2Fwp%2Fv2%2Fmedia&parent=185"}],"curies":[{"name":"wp","href":"https:\/\/api.w.org\/{rel}","templated":true}]}}