{"id":179,"date":"2023-07-28T14:08:49","date_gmt":"2023-07-28T14:08:49","guid":{"rendered":"http:\/\/www.onetsigorta.net\/?page_id=179"},"modified":"2023-07-28T14:08:50","modified_gmt":"2023-07-28T14:08:50","slug":"konut","status":"publish","type":"page","link":"https:\/\/www.onetsigorta.net\/?page_id=179","title":{"rendered":"KONUT"},"content":{"rendered":"\n<h2 class=\"wp-block-heading\">Konut Sigortas\u0131 nedir ?<\/h2>\n\n\n\n<p>Konut sigortas\u0131 evinizi deprem, su bask\u0131n\u0131, yang\u0131n gibi do\u011fal afetlere veya h\u0131rs\u0131zl\u0131k gibi yapay afetlere kar\u015f\u0131 koruyan bir sigorta \u00e7e\u015fididir. Konut sigortas\u0131 evinizi sadece bir yap\u0131 olarak de\u011fil, i\u00e7erisindeki e\u015fyalara gelebilecek zararlara kar\u015f\u0131 da g\u00fcvence alt\u0131na al\u0131r. Bu sigorta t\u00fcr\u00fc, evinizin ve e\u015fyalar\u0131n\u0131z\u0131n sigorta kurulu\u015fu taraf\u0131ndan belirlenen de\u011ferine g\u00f6re belirli bir \u00fccret kar\u015f\u0131l\u0131\u011f\u0131nda y\u0131ll\u0131k olarak d\u00fczenlenir. Bununla birlikte istedi\u011finiz s\u00fcre \u00e7er\u00e7evesinde ve her y\u0131l poli\u00e7enizi yenileme hakk\u0131na sahip bulunursunuz.<\/p>\n","protected":false},"excerpt":{"rendered":"<p>Konut Sigortas\u0131 nedir ? Konut sigortas\u0131 evinizi deprem, su bask\u0131n\u0131, yang\u0131n gibi do\u011fal afetlere veya h\u0131rs\u0131zl\u0131k gibi yapay afetlere kar\u015f\u0131 koruyan bir sigorta \u00e7e\u015fididir. Konut sigortas\u0131 evinizi sadece bir yap\u0131 olarak de\u011fil, i\u00e7erisindeki e\u015fyalara gelebilecek zararlara kar\u015f\u0131 da g\u00fcvence alt\u0131na al\u0131r. Bu sigorta t\u00fcr\u00fc, evinizin ve e\u015fyalar\u0131n\u0131z\u0131n sigorta kurulu\u015fu taraf\u0131ndan [&hellip;]<\/p>\n","protected":false},"author":1,"featured_media":0,"parent":0,"menu_order":0,"comment_status":"closed","ping_status":"closed","template":"","meta":{"_themeisle_gutenberg_block_has_review":false,"footnotes":""},"class_list":["post-179","page","type-page","status-publish","hentry"],"_links":{"self":[{"href":"https:\/\/www.onetsigorta.net\/index.php?rest_route=\/wp\/v2\/pages\/179","targetHints":{"allow":["GET"]}}],"collection":[{"href":"https:\/\/www.onetsigorta.net\/index.php?rest_route=\/wp\/v2\/pages"}],"about":[{"href":"https:\/\/www.onetsigorta.net\/index.php?rest_route=\/wp\/v2\/types\/page"}],"author":[{"embeddable":true,"href":"https:\/\/www.onetsigorta.net\/index.php?rest_route=\/wp\/v2\/users\/1"}],"replies":[{"embeddable":true,"href":"https:\/\/www.onetsigorta.net\/index.php?rest_route=%2Fwp%2Fv2%2Fcomments&post=179"}],"version-history":[{"count":1,"href":"https:\/\/www.onetsigorta.net\/index.php?rest_route=\/wp\/v2\/pages\/179\/revisions"}],"predecessor-version":[{"id":180,"href":"https:\/\/www.onetsigorta.net\/index.php?rest_route=\/wp\/v2\/pages\/179\/revisions\/180"}],"wp:attachment":[{"href":"https:\/\/www.onetsigorta.net\/index.php?rest_route=%2Fwp%2Fv2%2Fmedia&parent=179"}],"curies":[{"name":"wp","href":"https:\/\/api.w.org\/{rel}","templated":true}]}}