{"id":163,"date":"2023-07-28T13:44:01","date_gmt":"2023-07-28T13:44:01","guid":{"rendered":"http:\/\/www.onetsigorta.net\/?page_id=163"},"modified":"2023-07-28T15:33:30","modified_gmt":"2023-07-28T15:33:30","slug":"bize-ulasin","status":"publish","type":"page","link":"https:\/\/www.onetsigorta.net\/?page_id=163","title":{"rendered":"B\u0130ZE ULA\u015eIN"},"content":{"rendered":"\n<h2 class=\"wp-block-heading has-text-align-center\">TELEFON: <strong>0537 376 49 00<\/strong><\/h2>\n\n\n\n<h2 class=\"wp-block-heading has-text-align-center\">E-POSTA: <strong>onetsigorta@outlook.com<\/strong><\/h2>\n\n\n\n<h2 class=\"wp-block-heading has-text-align-center\">ADRES: <strong>Cumhuriyet Mahallesi, \u0130smet \u0130n\u00f6n\u00fc Bulvar\u0131, No: 81\/C<\/strong><br>Yeni\u015fehir \/ MERS\u0130N<br><\/h2>\n\n\n\n<div class=\"wp-block-group alignwide is-content-justification-center is-nowrap is-layout-flex wp-container-core-group-is-layout-23441af8 wp-block-group-is-layout-flex\">\n<iframe src=\"https:\/\/www.google.com\/maps\/embed?pb=!1m18!1m12!1m3!1d3195.2597437028608!2d34.60243157537263!3d36.78832226836979!2m3!1f0!2f0!3f0!3m2!1i1024!2i768!4f13.1!3m3!1m2!1s0x1527f32c7a6eecbb%3A0xd1e54a1b5de5ae74!2sONET%20S%C4%B0GORTA!5e0!3m2!1str!2str!4v1690551148494!5m2!1str!2str\" width=\"600\" height=\"450\" style=\"border:0;\" allowfullscreen=\"\" loading=\"lazy\" referrerpolicy=\"no-referrer-when-downgrade\"><\/iframe>\n\n\n\n<h2 class=\"wp-block-heading has-text-align-center\"><br><\/h2>\n<\/div>\n","protected":false},"excerpt":{"rendered":"<p>TELEFON: 0537 376 49 00 E-POSTA: onetsigorta@outlook.com ADRES: Cumhuriyet Mahallesi, \u0130smet \u0130n\u00f6n\u00fc Bulvar\u0131, No: 81\/CYeni\u015fehir \/ MERS\u0130N<\/p>\n","protected":false},"author":1,"featured_media":0,"parent":0,"menu_order":0,"comment_status":"closed","ping_status":"closed","template":"","meta":{"_themeisle_gutenberg_block_has_review":false,"footnotes":""},"class_list":["post-163","page","type-page","status-publish","hentry"],"_links":{"self":[{"href":"https:\/\/www.onetsigorta.net\/index.php?rest_route=\/wp\/v2\/pages\/163","targetHints":{"allow":["GET"]}}],"collection":[{"href":"https:\/\/www.onetsigorta.net\/index.php?rest_route=\/wp\/v2\/pages"}],"about":[{"href":"https:\/\/www.onetsigorta.net\/index.php?rest_route=\/wp\/v2\/types\/page"}],"author":[{"embeddable":true,"href":"https:\/\/www.onetsigorta.net\/index.php?rest_route=\/wp\/v2\/users\/1"}],"replies":[{"embeddable":true,"href":"https:\/\/www.onetsigorta.net\/index.php?rest_route=%2Fwp%2Fv2%2Fcomments&post=163"}],"version-history":[{"count":3,"href":"https:\/\/www.onetsigorta.net\/index.php?rest_route=\/wp\/v2\/pages\/163\/revisions"}],"predecessor-version":[{"id":200,"href":"https:\/\/www.onetsigorta.net\/index.php?rest_route=\/wp\/v2\/pages\/163\/revisions\/200"}],"wp:attachment":[{"href":"https:\/\/www.onetsigorta.net\/index.php?rest_route=%2Fwp%2Fv2%2Fmedia&parent=163"}],"curies":[{"name":"wp","href":"https:\/\/api.w.org\/{rel}","templated":true}]}}