{"id":157,"date":"2023-07-28T13:07:32","date_gmt":"2023-07-28T13:07:32","guid":{"rendered":"http:\/\/www.onetsigorta.net\/?page_id=157"},"modified":"2023-07-28T13:28:30","modified_gmt":"2023-07-28T13:28:30","slug":"kasko","status":"publish","type":"page","link":"https:\/\/www.onetsigorta.net\/?page_id=157","title":{"rendered":"KASKO"},"content":{"rendered":"\n<h2 class=\"wp-block-heading\">Kasko Sigortas\u0131 nedir ?<\/h2>\n\n\n\n<p>Kasko, motorlu veya motorsuz ara\u00e7lar\u0131 g\u00fcvence alt\u0131na alan bir sigorta t\u00fcr\u00fcd\u00fcr. Trafik sigortas\u0131, kaza sonucunda kar\u015f\u0131 taraftaki hasarlar\u0131 g\u00fcvence alt\u0131na al\u0131rken, kasko sigortas\u0131 arac\u0131n kendisinde meydana gelen hasarlar\u0131 garanti alt\u0131na almaktad\u0131r. Zorunlu bir sigorta t\u00fcr\u00fc olmayan kasko, ara\u00e7 sahiplerinin istekleri ve ihtiya\u00e7lar\u0131 do\u011frultusunda yap\u0131lmaktad\u0131r. Kasko yap\u0131lan ara\u00e7lar, kasko poli\u00e7esi kapsam\u0131nda yer alan teminatlar ve limitler dahilinde g\u00fcvence alt\u0131nda olmaktad\u0131rlar. Kasko ile zorunlu trafik sigortas\u0131n\u0131n aksine ara\u00e7lar\u0131n kendisinde meydana gelen hasarlar garanti alt\u0131ndad\u0131r. Kasko poli\u00e7eleri kapsam\u0131nda ara\u00e7 sahiplerine farkl\u0131 se\u00e7enekler sunulmaktad\u0131r. Ara\u00e7 sahipleri dar kasko, genel kasko, geni\u015fletilmi\u015f kasko ve tam kasko gibi farkl\u0131 teminatlar\u0131 i\u00e7eren kasko poli\u00e7elerine sahip olabilirler.&nbsp;<\/p>\n\n\n\n<p>Teminat kapsamlar\u0131na g\u00f6re farkl\u0131 adland\u0131r\u0131lan kasko se\u00e7enekleri aras\u0131nda geni\u015fletilmi\u015f kasko, ara\u00e7 sahiplerini \u00e7ok daha geni\u015f teminat alt\u0131na almaktad\u0131r. Geni\u015fletilmi\u015f kasko teminatlar\u0131, ara\u00e7 sahiplerinin ihtiyac\u0131 do\u011frultusunda \u015fekillendirilebilmektedir. Geni\u015fletilmi\u015f kasko poli\u00e7eleri sigorta acenteleri arac\u0131l\u0131\u011f\u0131yla kolayl\u0131kla yap\u0131labilmektedir. Ara\u00e7 sahipleri internet \u00fczerinden geni\u015fletilmi\u015f kasko \u00f6rne\u011fini inceleyebilirler. Geni\u015fletilmi\u015f kasko fiyatlar\u0131 her y\u0131l g\u00fcncellenmektedir. Sigorta \u015firketlerine ve geni\u015fletilmi\u015f kasko poli\u00e7elerinin kapsam\u0131na ba\u011fl\u0131 olarak fiyatlar farkl\u0131l\u0131k g\u00f6sterebilmektedir. Bu nedenle geni\u015fletilmi\u015f kasko primleri ile ilgili sigorta acenteleri ile ileti\u015fime ge\u00e7ilmesi tavsiye edilmektedir.<\/p>\n","protected":false},"excerpt":{"rendered":"<p>Kasko Sigortas\u0131 nedir ? Kasko, motorlu veya motorsuz ara\u00e7lar\u0131 g\u00fcvence alt\u0131na alan bir sigorta t\u00fcr\u00fcd\u00fcr. Trafik sigortas\u0131, kaza sonucunda kar\u015f\u0131 taraftaki hasarlar\u0131 g\u00fcvence alt\u0131na al\u0131rken, kasko sigortas\u0131 arac\u0131n kendisinde meydana gelen hasarlar\u0131 garanti alt\u0131na almaktad\u0131r. Zorunlu bir sigorta t\u00fcr\u00fc olmayan kasko, ara\u00e7 sahiplerinin istekleri ve ihtiya\u00e7lar\u0131 do\u011frultusunda yap\u0131lmaktad\u0131r. Kasko yap\u0131lan [&hellip;]<\/p>\n","protected":false},"author":1,"featured_media":0,"parent":0,"menu_order":0,"comment_status":"closed","ping_status":"closed","template":"","meta":{"_themeisle_gutenberg_block_has_review":false,"footnotes":""},"class_list":["post-157","page","type-page","status-publish","hentry"],"_links":{"self":[{"href":"https:\/\/www.onetsigorta.net\/index.php?rest_route=\/wp\/v2\/pages\/157","targetHints":{"allow":["GET"]}}],"collection":[{"href":"https:\/\/www.onetsigorta.net\/index.php?rest_route=\/wp\/v2\/pages"}],"about":[{"href":"https:\/\/www.onetsigorta.net\/index.php?rest_route=\/wp\/v2\/types\/page"}],"author":[{"embeddable":true,"href":"https:\/\/www.onetsigorta.net\/index.php?rest_route=\/wp\/v2\/users\/1"}],"replies":[{"embeddable":true,"href":"https:\/\/www.onetsigorta.net\/index.php?rest_route=%2Fwp%2Fv2%2Fcomments&post=157"}],"version-history":[{"count":2,"href":"https:\/\/www.onetsigorta.net\/index.php?rest_route=\/wp\/v2\/pages\/157\/revisions"}],"predecessor-version":[{"id":160,"href":"https:\/\/www.onetsigorta.net\/index.php?rest_route=\/wp\/v2\/pages\/157\/revisions\/160"}],"wp:attachment":[{"href":"https:\/\/www.onetsigorta.net\/index.php?rest_route=%2Fwp%2Fv2%2Fmedia&parent=157"}],"curies":[{"name":"wp","href":"https:\/\/api.w.org\/{rel}","templated":true}]}}